{"id":3653,"date":"2024-01-22T20:16:05","date_gmt":"2024-01-22T17:16:05","guid":{"rendered":"https:\/\/rocketplay-slot.com\/contact-us\/"},"modified":"2024-01-22T22:51:23","modified_gmt":"2024-01-22T19:51:23","slug":"contact-us","status":"publish","type":"page","link":"https:\/\/rocketplay-slot.com\/pt-br\/contact-us\/","title":{"rendered":"Entre em contato conosco"},"content":{"rendered":"<p>Bem-vindo ao RocketPlay Casino, onde as emocionantes experi\u00eancias de jogo se encontram com o suporte ao cliente de alto n\u00edvel. Nosso compromisso em garantir a sua satisfa\u00e7\u00e3o se estende ao nosso dedicado servi\u00e7o Fale Conosco. Se voc\u00ea tiver d\u00favidas, coment\u00e1rios ou precisar de assist\u00eancia, estamos aqui para tornar sua experi\u00eancia no RocketPlay perfeita e agrad\u00e1vel.<\/p>\n<h2>Entre em contato a qualquer hora, em qualquer lugar<\/h2>\n<p>No RocketPlay Casino, entendemos que podem surgir d\u00favidas a qualquer momento. \u00c9 por isso que o nosso recurso Fale Conosco est\u00e1 dispon\u00edvel 24 horas por dia, 7 dias por semana, garantindo que voc\u00ea possa entrar em contato conosco sempre que precisar de ajuda. Seja voc\u00ea uma coruja noturna desfrutando de rodadas noturnas ou um p\u00e1ssaro madrugador pegando o jackpot da manh\u00e3, nossa equipe de suporte est\u00e1 pronta para ajud\u00e1-lo 24 horas por dia.<\/p>\n<h2>M\u00faltiplos canais para conveni\u00eancia<\/h2>\n<p>Valorizamos seu tempo e entendemos que cada um tem seu meio de comunica\u00e7\u00e3o preferido. \u00c9 por isso que oferecemos v\u00e1rios canais para entrar em contato conosco. Se voc\u00ea prefere o imediatismo do bate-papo ao vivo, a formalidade do e-mail ou a familiaridade de uma liga\u00e7\u00e3o telef\u00f4nica, o RocketPlay Casino tem tudo o que voc\u00ea precisa. Nossa gama diversificada de op\u00e7\u00f5es de contato garante que voc\u00ea possa escolher o m\u00e9todo que melhor se adapte \u00e0s suas necessidades e prefer\u00eancias.<\/p>\n<h2>Assist\u00eancia instant\u00e2nea com o bate-papo ao vivo<\/h2>\n<p>Nosso recurso de bate-papo ao vivo \u00e9 a op\u00e7\u00e3o ideal para obter suporte r\u00e1pido e em tempo real. Conecte-se com nossos agentes de suporte experientes instantaneamente, permitindo que voc\u00ea resolva qualquer d\u00favida ou preocupa\u00e7\u00e3o sem demora. Se voc\u00ea tiver d\u00favidas sobre regras do jogo, gerenciamento de contas ou promo\u00e7\u00f5es, nosso suporte por bate-papo ao vivo foi projetado para fornecer solu\u00e7\u00f5es instant\u00e2neas na ponta dos dedos.<\/p>\n<h2>Email para suporte abrangente<\/h2>\n<p>Se preferir uma explica\u00e7\u00e3o mais detalhada ou precisar anexar documentos, nosso suporte por e-mail est\u00e1 \u00e0 sua disposi\u00e7\u00e3o. Envie-nos um e-mail para support@rocketplaycasino.com, e nossa equipe dedicada responder\u00e1 prontamente. Seja para verifica\u00e7\u00e3o da conta, d\u00favidas sobre pagamentos ou coment\u00e1rios gerais, nosso suporte por e-mail garante assist\u00eancia abrangente para todas as suas d\u00favidas relacionadas ao cassino.<\/p>\n<h2>Fale diretamente com a nossa equipe<\/h2>\n<p>Nosso suporte por telefone permite que voc\u00ea fale diretamente com nossa equipe de especialistas para um toque mais pessoal. Disque nosso n\u00famero gratuito e nossos simp\u00e1ticos agentes de suporte o orientar\u00e3o em qualquer problema que possa encontrar. De falhas t\u00e9cnicas a gerenciamento de contas, nosso suporte por telefone \u00e9 dedicado a fornecer a assist\u00eancia de que voc\u00ea precisa de forma clara e concisa.<\/p>\n<p>O Fale Conosco do RocketPlay Casino n\u00e3o \u00e9 apenas um servi\u00e7o; \u00e9 um compromisso de oferecer um suporte inigual\u00e1vel e garantir que sua jornada de jogo conosco seja excepcional. Sinta-se \u00e0 vontade para entrar em contato conosco &#8211; estamos aqui para aprimorar sua experi\u00eancia no RocketPlay de todas as formas poss\u00edveis.<\/p>\n","protected":false},"excerpt":{"rendered":"<p>Bem-vindo ao RocketPlay Casino, onde as emocionantes experi\u00eancias de jogo se encontram com o suporte ao cliente de alto n\u00edvel. Nosso compromisso em garantir a sua satisfa\u00e7\u00e3o se estende ao nosso dedicado servi\u00e7o Fale Conosco. Se voc\u00ea tiver d\u00favidas, coment\u00e1rios ou precisar de assist\u00eancia, estamos aqui para tornar sua experi\u00eancia no RocketPlay perfeita e agrad\u00e1vel&#8230;.<\/p>\n","protected":false},"author":1,"featured_media":0,"parent":0,"menu_order":0,"comment_status":"closed","ping_status":"closed","template":"","meta":{"_acf_changed":false,"_kad_post_transparent":"default","_kad_post_title":"default","_kad_post_layout":"default","_kad_post_sidebar_id":"","_kad_post_content_style":"default","_kad_post_vertical_padding":"default","_kad_post_feature":"","_kad_post_feature_position":"","_kad_post_header":false,"_kad_post_footer":false,"footnotes":""},"class_list":["post-3653","page","type-page","status-publish","hentry"],"acf":[],"rttpg_featured_image_url":null,"rttpg_author":{"display_name":"Elvis","author_link":"https:\/\/rocketplay-slot.com\/pt-br\/author\/pemvas95n89x\/"},"rttpg_comment":0,"rttpg_category":null,"rttpg_excerpt":"Bem-vindo ao RocketPlay Casino, onde as emocionantes experi\u00eancias de jogo se encontram com o suporte ao cliente de alto n\u00edvel. Nosso compromisso em garantir a sua satisfa\u00e7\u00e3o se estende ao nosso dedicado servi\u00e7o Fale Conosco. Se voc\u00ea tiver d\u00favidas, coment\u00e1rios ou precisar de assist\u00eancia, estamos aqui para tornar sua experi\u00eancia no RocketPlay perfeita e agrad\u00e1vel....","_links":{"self":[{"href":"https:\/\/rocketplay-slot.com\/pt-br\/wp-json\/wp\/v2\/pages\/3653","targetHints":{"allow":["GET"]}}],"collection":[{"href":"https:\/\/rocketplay-slot.com\/pt-br\/wp-json\/wp\/v2\/pages"}],"about":[{"href":"https:\/\/rocketplay-slot.com\/pt-br\/wp-json\/wp\/v2\/types\/page"}],"author":[{"embeddable":true,"href":"https:\/\/rocketplay-slot.com\/pt-br\/wp-json\/wp\/v2\/users\/1"}],"replies":[{"embeddable":true,"href":"https:\/\/rocketplay-slot.com\/pt-br\/wp-json\/wp\/v2\/comments?post=3653"}],"version-history":[{"count":1,"href":"https:\/\/rocketplay-slot.com\/pt-br\/wp-json\/wp\/v2\/pages\/3653\/revisions"}],"predecessor-version":[{"id":3654,"href":"https:\/\/rocketplay-slot.com\/pt-br\/wp-json\/wp\/v2\/pages\/3653\/revisions\/3654"}],"wp:attachment":[{"href":"https:\/\/rocketplay-slot.com\/pt-br\/wp-json\/wp\/v2\/media?parent=3653"}],"curies":[{"name":"wp","href":"https:\/\/api.w.org\/{rel}","templated":true}]}}