{"id":3680,"date":"2024-01-22T21:16:56","date_gmt":"2024-01-22T18:16:56","guid":{"rendered":"https:\/\/rocketplay-slot.com\/gdpr-policy\/"},"modified":"2024-01-22T23:07:54","modified_gmt":"2024-01-22T20:07:54","slug":"gdpr-policy","status":"publish","type":"page","link":"https:\/\/rocketplay-slot.com\/pt-br\/gdpr-policy\/","title":{"rendered":"Pol\u00edtica de GDPR"},"content":{"rendered":"<p>O RocketPlay Casino entende a import\u00e2ncia do GDPR, um regulamento abrangente de prote\u00e7\u00e3o de dados implementado para capacitar indiv\u00edduos e aumentar seu controle sobre informa\u00e7\u00f5es pessoais. Nosso compromisso com a conformidade com o GDPR vai al\u00e9m da mera ades\u00e3o aos requisitos legais; ele reflete nossa dedica\u00e7\u00e3o em criar uma plataforma de jogos segura e centrada no jogador.<\/p>\n<h2>Escopo da coleta de dados<\/h2>\n<p>Quando os jogadores se envolvem com o RocketPlay Casino, certas informa\u00e7\u00f5es s\u00e3o coletadas para proporcionar uma experi\u00eancia de jogo perfeita. Esses dados incluem, mas n\u00e3o se limitam a, detalhes pessoais, informa\u00e7\u00f5es de contato e registros de transa\u00e7\u00f5es. \u00c9 importante notar que o RocketPlay Casino coleta apenas as informa\u00e7\u00f5es necess\u00e1rias para as opera\u00e7\u00f5es de jogo, e todos os esfor\u00e7os s\u00e3o feitos para garantir uma abordagem minimalista para a coleta de dados.<\/p>\n<h2>Base legal para o processamento de dados<\/h2>\n<p>O RocketPlay Casino processa os dados do usu\u00e1rio com base em fundamentos legais definidos pelo GDPR. Esses fundamentos legais incluem a necessidade de processamento de dados para a execu\u00e7\u00e3o de um contrato, o cumprimento de obriga\u00e7\u00f5es legais, a prote\u00e7\u00e3o de interesses vitais, o consentimento, o desempenho de tarefas realizadas no interesse p\u00fablico ou o exerc\u00edcio da autoridade oficial e os interesses leg\u00edtimos perseguidos pelo RocketPlay Casino ou por terceiros.<\/p>\n<h2>Mecanismo de Consentimento<\/h2>\n<p>A obten\u00e7\u00e3o do consentimento do usu\u00e1rio \u00e9 a pedra angular da nossa estrat\u00e9gia de conformidade com o GDPR. O RocketPlay Casino garante que os jogadores estejam bem informados sobre os dados que coletamos, como eles ser\u00e3o usados e seus direitos sobre as informa\u00e7\u00f5es pessoais. O consentimento \u00e9 solicitado explicitamente, e os jogadores podem retirar seu consentimento a qualquer momento sem afetar a legalidade do processamento com base no consentimento antes de sua retirada.<\/p>\n<h2>Medidas de seguran\u00e7a de dados<\/h2>\n<p>O RocketPlay Casino emprega medidas de seguran\u00e7a de \u00faltima gera\u00e7\u00e3o para proteger os dados dos jogadores contra acesso n\u00e3o autorizado, divulga\u00e7\u00e3o, altera\u00e7\u00e3o e destrui\u00e7\u00e3o. Nossos robustos protocolos de seguran\u00e7a incluem criptografia, controles de acesso, auditorias de seguran\u00e7a regulares e treinamento de pessoal para garantir o mais alto n\u00edvel de prote\u00e7\u00e3o de dados.<\/p>\n<h2>Minimiza\u00e7\u00e3o e reten\u00e7\u00e3o de dados<\/h2>\n<p>Aderimos ao princ\u00edpio da minimiza\u00e7\u00e3o de dados, garantindo que coletemos e retenhamos apenas as informa\u00e7\u00f5es necess\u00e1rias para a finalidade pretendida. O RocketPlay Casino estabelece per\u00edodos de reten\u00e7\u00e3o espec\u00edficos para diferentes categorias de dados, e os dados s\u00e3o exclu\u00eddos de forma segura e irrevers\u00edvel quando o per\u00edodo de reten\u00e7\u00e3o expira.<\/p>\n<h2>Direitos do Jogador sob o GDPR<\/h2>\n<p>O RocketPlay Casino reconhece e respeita os direitos concedidos aos jogadores sob o GDPR. Esses direitos incluem o direito de acessar, retificar, apagar, restringir o processamento e se opor ao processamento de dados pessoais. Implementamos mecanismos para facilitar o exerc\u00edcio desses direitos, permitindo que os jogadores tenham controle sobre suas informa\u00e7\u00f5es pessoais.<\/p>\n<h2>Transfer\u00eancia de dados e processamento por terceiros<\/h2>\n<p>Em determinadas circunst\u00e2ncias, o RocketPlay Casino pode transferir dados de jogadores para terceiros ou process\u00e1-los em colabora\u00e7\u00e3o com prestadores de servi\u00e7os externos. Essas transfer\u00eancias s\u00e3o conduzidas com o m\u00e1ximo cuidado, e os terceiros s\u00e3o cuidadosamente examinados para garantir que estejam em conformidade com os padr\u00f5es do GDPR. Contratos e acordos s\u00e3o estabelecidos para reger as atividades de processamento de dados, enfatizando a import\u00e2ncia da prote\u00e7\u00e3o de dados.<\/p>\n<h2>Resposta a incidentes e notifica\u00e7\u00e3o de viola\u00e7\u00f5es<\/h2>\n<p>Apesar de nossas rigorosas medidas de seguran\u00e7a, podem ocorrer incidentes imprevistos. No caso de uma viola\u00e7\u00e3o de dados, o RocketPlay Casino est\u00e1 comprometido com uma comunica\u00e7\u00e3o r\u00e1pida e transparente. Aderimos ao requisito do GDPR de notificar as autoridades de supervis\u00e3o relevantes e os jogadores afetados sem atrasos indevidos, fornecendo informa\u00e7\u00f5es sobre a natureza da viola\u00e7\u00e3o, suas poss\u00edveis consequ\u00eancias e as medidas tomadas para resolv\u00ea-la.<\/p>\n<h2>Auditorias e atualiza\u00e7\u00f5es regulares de conformidade com o GDPR<\/h2>\n<p>O RocketPlay Casino reconhece a natureza din\u00e2mica do cen\u00e1rio digital e a natureza evolutiva dos regulamentos de prote\u00e7\u00e3o de dados. Para ficar \u00e0 frente da curva, realizamos auditorias regulares de conformidade com o GDPR, atualizando nossas pol\u00edticas e pr\u00e1ticas para refletir os mais recentes requisitos legais e avan\u00e7os tecnol\u00f3gicos.<\/p>\n<p>Em conclus\u00e3o, o RocketPlay Casino est\u00e1 firme em seu compromisso com a conformidade com o GDPR, garantindo que os dados dos jogadores sejam tratados com o m\u00e1ximo de cuidado e respeito. Nossa pol\u00edtica de GDPR reflete nossa dedica\u00e7\u00e3o \u00e0 transpar\u00eancia, seguran\u00e7a e prote\u00e7\u00e3o da privacidade do jogador no cen\u00e1rio em constante mudan\u00e7a dos jogos on-line. \u00c0 medida que continuamos a aprimorar nossas ofertas de jogos, nossos jogadores podem confiar que suas informa\u00e7\u00f5es pessoais est\u00e3o seguras no RocketPlay Casino.<\/p>\n","protected":false},"excerpt":{"rendered":"<p>O RocketPlay Casino entende a import\u00e2ncia do GDPR, um regulamento abrangente de prote\u00e7\u00e3o de dados implementado para capacitar indiv\u00edduos e aumentar seu controle sobre informa\u00e7\u00f5es pessoais. Nosso compromisso com a conformidade com o GDPR vai al\u00e9m da mera ades\u00e3o aos requisitos legais; ele reflete nossa dedica\u00e7\u00e3o em criar uma plataforma de jogos segura e centrada&#8230;<\/p>\n","protected":false},"author":1,"featured_media":0,"parent":0,"menu_order":0,"comment_status":"closed","ping_status":"closed","template":"","meta":{"_acf_changed":false,"_kad_post_transparent":"default","_kad_post_title":"default","_kad_post_layout":"default","_kad_post_sidebar_id":"","_kad_post_content_style":"default","_kad_post_vertical_padding":"default","_kad_post_feature":"","_kad_post_feature_position":"","_kad_post_header":false,"_kad_post_footer":false,"footnotes":""},"class_list":["post-3680","page","type-page","status-publish","hentry"],"acf":[],"rttpg_featured_image_url":null,"rttpg_author":{"display_name":"Elvis","author_link":"https:\/\/rocketplay-slot.com\/pt-br\/author\/pemvas95n89x\/"},"rttpg_comment":0,"rttpg_category":null,"rttpg_excerpt":"O RocketPlay Casino entende a import\u00e2ncia do GDPR, um regulamento abrangente de prote\u00e7\u00e3o de dados implementado para capacitar indiv\u00edduos e aumentar seu controle sobre informa\u00e7\u00f5es pessoais. Nosso compromisso com a conformidade com o GDPR vai al\u00e9m da mera ades\u00e3o aos requisitos legais; ele reflete nossa dedica\u00e7\u00e3o em criar uma plataforma de jogos segura e centrada...","_links":{"self":[{"href":"https:\/\/rocketplay-slot.com\/pt-br\/wp-json\/wp\/v2\/pages\/3680","targetHints":{"allow":["GET"]}}],"collection":[{"href":"https:\/\/rocketplay-slot.com\/pt-br\/wp-json\/wp\/v2\/pages"}],"about":[{"href":"https:\/\/rocketplay-slot.com\/pt-br\/wp-json\/wp\/v2\/types\/page"}],"author":[{"embeddable":true,"href":"https:\/\/rocketplay-slot.com\/pt-br\/wp-json\/wp\/v2\/users\/1"}],"replies":[{"embeddable":true,"href":"https:\/\/rocketplay-slot.com\/pt-br\/wp-json\/wp\/v2\/comments?post=3680"}],"version-history":[{"count":2,"href":"https:\/\/rocketplay-slot.com\/pt-br\/wp-json\/wp\/v2\/pages\/3680\/revisions"}],"predecessor-version":[{"id":3682,"href":"https:\/\/rocketplay-slot.com\/pt-br\/wp-json\/wp\/v2\/pages\/3680\/revisions\/3682"}],"wp:attachment":[{"href":"https:\/\/rocketplay-slot.com\/pt-br\/wp-json\/wp\/v2\/media?parent=3680"}],"curies":[{"name":"wp","href":"https:\/\/api.w.org\/{rel}","templated":true}]}}