{"id":3734,"date":"2024-01-22T21:06:39","date_gmt":"2024-01-22T18:06:39","guid":{"rendered":"https:\/\/rocketplay-slot.com\/privacy-policy\/"},"modified":"2024-01-23T11:25:10","modified_gmt":"2024-01-23T08:25:10","slug":"privacy-policy","status":"publish","type":"page","link":"https:\/\/rocketplay-slot.com\/pt-br\/privacy-policy\/","title":{"rendered":"Pol\u00edtica de privacidade"},"content":{"rendered":"<p>Bem-vindo ao RocketPlay Casino, onde o entretenimento encontra o jogo respons\u00e1vel. O RocketPlay tem o compromisso de oferecer aos usu\u00e1rios um ambiente de jogo seguro e agrad\u00e1vel. Uma de nossas principais prioridades \u00e9 garantir a privacidade e a seguran\u00e7a de suas informa\u00e7\u00f5es pessoais. Esta Pol\u00edtica de Privacidade descreve como coletamos, usamos e protegemos seus dados, ressaltando nossa dedica\u00e7\u00e3o \u00e0 transpar\u00eancia e \u00e0 confian\u00e7a.<\/p>\n<h2>Informa\u00e7\u00f5es que coletamos<\/h2>\n<h3>Informa\u00e7\u00f5es pessoais<\/h3>\n<p>Para aprimorar sua experi\u00eancia de jogo, coletamos determinadas informa\u00e7\u00f5es pessoais durante o processo de registro. Isso pode incluir seu nome, endere\u00e7o de e-mail, data de nascimento e detalhes de contato. Fique tranquilo, pois empregamos tecnologias avan\u00e7adas de criptografia para proteger essas informa\u00e7\u00f5es e impedir o acesso n\u00e3o autorizado.<\/p>\n<h3>Informa\u00e7\u00f5es financeiras<\/h3>\n<p>Podemos solicitar informa\u00e7\u00f5es financeiras, como detalhes de cart\u00e3o de cr\u00e9dito ou outros m\u00e9todos de pagamento para transa\u00e7\u00f5es e pagamentos cont\u00ednuos. O RocketPlay Casino prioriza a seguran\u00e7a de seus dados financeiros, implementando protocolos padr\u00e3o da ind\u00fastria para se proteger contra atividades fraudulentas.<\/p>\n<h3>Informa\u00e7\u00f5es T\u00e9cnicas<\/h3>\n<p>Como em muitas plataformas on-line, coletamos automaticamente informa\u00e7\u00f5es t\u00e9cnicas, incluindo seu endere\u00e7o IP, tipo de dispositivo, detalhes do navegador e sistema operacional. Essas informa\u00e7\u00f5es s\u00e3o essenciais para otimizar o desempenho do nosso site, garantir a compatibilidade entre v\u00e1rios dispositivos e aprimorar sua experi\u00eancia de jogo.<\/p>\n<h2>Como usamos suas informa\u00e7\u00f5es<\/h2>\n<h3>Personalizando sua experi\u00eancia<\/h3>\n<p>O RocketPlay Casino utiliza os dados coletados para personalizar sua experi\u00eancia de jogo. Ao analisar suas prefer\u00eancias e comportamento, podemos sugerir jogos e promo\u00e7\u00f5es personalizados, criando um ambiente mais agrad\u00e1vel e envolvente para voc\u00ea.<\/p>\n<h3>Processamento de transa\u00e7\u00f5es<\/h3>\n<p>As informa\u00e7\u00f5es financeiras s\u00e3o utilizadas exclusivamente para processar transa\u00e7\u00f5es relacionadas \u00e0s suas atividades de jogo. Isso inclui dep\u00f3sitos, saques e quaisquer outras transa\u00e7\u00f5es monet\u00e1rias. Temos parceria com processadores de pagamento de boa reputa\u00e7\u00e3o para garantir a seguran\u00e7a de seus dados financeiros.<\/p>\n<h3>Conformidade legal<\/h3>\n<p>Podemos usar suas informa\u00e7\u00f5es para verifica\u00e7\u00e3o de identidade e confirma\u00e7\u00e3o de idade para garantir a conformidade com as leis e os regulamentos aplic\u00e1veis. \u00c9 fundamental manter um ambiente de jogo respons\u00e1vel e impedir o acesso de menores de idade aos nossos servi\u00e7os.<\/p>\n<h2>Compartilhamento de Terceiros<\/h2>\n<p>O RocketPlay Casino tem o compromisso de proteger a sua privacidade e n\u00e3o vendemos ou compartilhamos suas informa\u00e7\u00f5es pessoais com terceiros para fins de marketing. No entanto, alguns provedores de servi\u00e7os terceirizados podem ter acesso aos seus dados para nos ajudar a proporcionar uma experi\u00eancia de jogo perfeita. Fique tranquilo, pois examinamos cuidadosamente esses provedores e aplicamos rigorosos acordos de confidencialidade para proteger suas informa\u00e7\u00f5es.<\/p>\n<h2>Medidas de seguran\u00e7a<\/h2>\n<p>Garantir a seguran\u00e7a de suas informa\u00e7\u00f5es \u00e9 fundamental para o RocketPlay Casino. Empregamos medidas de seguran\u00e7a de \u00faltima gera\u00e7\u00e3o, incluindo protocolos de criptografia, firewalls e tecnologia SSL (secure socket layer). Essas medidas s\u00e3o continuamente atualizadas para ficar \u00e0 frente das amea\u00e7as e vulnerabilidades emergentes.<\/p>\n<h2>Cookies e Tecnologias de Rastreamento<\/h2>\n<p>O RocketPlay Casino utiliza cookies e tecnologias de rastreamento similares para melhorar a experi\u00eancia do usu\u00e1rio e analisar o tr\u00e1fego do site. Essas tecnologias nos ajudam a entender as prefer\u00eancias do usu\u00e1rio, melhorar a funcionalidade do site e adaptar as promo\u00e7\u00f5es. Voc\u00ea pode gerenciar as prefer\u00eancias de cookies por meio das configura\u00e7\u00f5es do seu navegador, o que lhe d\u00e1 controle sobre as informa\u00e7\u00f5es que compartilha.<\/p>\n<h2>Seus direitos e escolhas<\/h2>\n<h3>Acesso e corre\u00e7\u00e3o<\/h3>\n<p>Voc\u00ea tem o direito de acessar e corrigir quaisquer imprecis\u00f5es em suas informa\u00e7\u00f5es pessoais. O RocketPlay Casino fornece ferramentas e configura\u00e7\u00f5es em sua conta para atualizar seus detalhes e garantir a precis\u00e3o de seus dados.<\/p>\n<h3>Opt-Out<\/h3>\n<p>Voc\u00ea pode optar por n\u00e3o receber mais comunica\u00e7\u00f5es promocionais do RocketPlay Casino. Ajuste suas prefer\u00eancias de comunica\u00e7\u00e3o nas configura\u00e7\u00f5es de sua conta e n\u00f3s respeitaremos sua escolha.<\/p>\n<h3>Desativa\u00e7\u00e3o de conta<\/h3>\n<p>Voc\u00ea pode solicitar a desativa\u00e7\u00e3o da conta se interromper suas atividades de jogo com o RocketPlay Casino. Excluiremos com seguran\u00e7a suas informa\u00e7\u00f5es pessoais, retendo apenas os dados necess\u00e1rios para conformidade legal e regulamentar.<\/p>\n<h2>Altera\u00e7\u00f5es na Pol\u00edtica de Privacidade<\/h2>\n<p>O RocketPlay Casino se reserva o direito de atualizar e modificar esta Pol\u00edtica de Privacidade para refletir mudan\u00e7as em nossas pr\u00e1ticas comerciais, requisitos legais ou avan\u00e7os tecnol\u00f3gicos. Recomendamos que voc\u00ea revise essa pol\u00edtica periodicamente para se manter informado sobre como estamos protegendo suas informa\u00e7\u00f5es.<\/p>\n<h2>Entre em contato conosco<\/h2>\n<p>Se tiver d\u00favidas ou preocupa\u00e7\u00f5es sobre a Pol\u00edtica de Privacidade do RocketPlay Casino, n\u00e3o hesite em entrar em contato com nossa equipe de suporte dedicada. Estamos aqui para ajud\u00e1-lo e garantir que sua experi\u00eancia de jogo permane\u00e7a segura, agrad\u00e1vel e focada na privacidade.<\/p>\n<p>No RocketPlay Casino, n\u00e3o estamos apenas comprometidos em oferecer entretenimento de alto n\u00edvel; estamos dedicados a construir uma comunidade onde a privacidade e a seguran\u00e7a s\u00e3o fundamentais. Junte-se a n\u00f3s no emocionante mundo dos jogos, sabendo que suas informa\u00e7\u00f5es est\u00e3o seguras.<\/p>\n","protected":false},"excerpt":{"rendered":"<p>Bem-vindo ao RocketPlay Casino, onde o entretenimento encontra o jogo respons\u00e1vel. O RocketPlay tem o compromisso de oferecer aos usu\u00e1rios um ambiente de jogo seguro e agrad\u00e1vel. Uma de nossas principais prioridades \u00e9 garantir a privacidade e a seguran\u00e7a de suas informa\u00e7\u00f5es pessoais. Esta Pol\u00edtica de Privacidade descreve como coletamos, usamos e protegemos seus dados,&#8230;<\/p>\n","protected":false},"author":1,"featured_media":0,"parent":0,"menu_order":0,"comment_status":"closed","ping_status":"closed","template":"","meta":{"_acf_changed":false,"_kad_post_transparent":"default","_kad_post_title":"default","_kad_post_layout":"default","_kad_post_sidebar_id":"","_kad_post_content_style":"default","_kad_post_vertical_padding":"default","_kad_post_feature":"","_kad_post_feature_position":"","_kad_post_header":false,"_kad_post_footer":false,"footnotes":""},"class_list":["post-3734","page","type-page","status-publish","hentry"],"acf":[],"rttpg_featured_image_url":null,"rttpg_author":{"display_name":"Elvis","author_link":"https:\/\/rocketplay-slot.com\/pt-br\/author\/pemvas95n89x\/"},"rttpg_comment":0,"rttpg_category":null,"rttpg_excerpt":"Bem-vindo ao RocketPlay Casino, onde o entretenimento encontra o jogo respons\u00e1vel. O RocketPlay tem o compromisso de oferecer aos usu\u00e1rios um ambiente de jogo seguro e agrad\u00e1vel. Uma de nossas principais prioridades \u00e9 garantir a privacidade e a seguran\u00e7a de suas informa\u00e7\u00f5es pessoais. Esta Pol\u00edtica de Privacidade descreve como coletamos, usamos e protegemos seus dados,...","_links":{"self":[{"href":"https:\/\/rocketplay-slot.com\/pt-br\/wp-json\/wp\/v2\/pages\/3734","targetHints":{"allow":["GET"]}}],"collection":[{"href":"https:\/\/rocketplay-slot.com\/pt-br\/wp-json\/wp\/v2\/pages"}],"about":[{"href":"https:\/\/rocketplay-slot.com\/pt-br\/wp-json\/wp\/v2\/types\/page"}],"author":[{"embeddable":true,"href":"https:\/\/rocketplay-slot.com\/pt-br\/wp-json\/wp\/v2\/users\/1"}],"replies":[{"embeddable":true,"href":"https:\/\/rocketplay-slot.com\/pt-br\/wp-json\/wp\/v2\/comments?post=3734"}],"version-history":[{"count":2,"href":"https:\/\/rocketplay-slot.com\/pt-br\/wp-json\/wp\/v2\/pages\/3734\/revisions"}],"predecessor-version":[{"id":3736,"href":"https:\/\/rocketplay-slot.com\/pt-br\/wp-json\/wp\/v2\/pages\/3734\/revisions\/3736"}],"wp:attachment":[{"href":"https:\/\/rocketplay-slot.com\/pt-br\/wp-json\/wp\/v2\/media?parent=3734"}],"curies":[{"name":"wp","href":"https:\/\/api.w.org\/{rel}","templated":true}]}}