{"id":3762,"date":"2024-01-22T20:29:31","date_gmt":"2024-01-22T17:29:31","guid":{"rendered":"https:\/\/rocketplay-slot.com\/responsible-gaming\/"},"modified":"2024-01-23T11:51:27","modified_gmt":"2024-01-23T08:51:27","slug":"responsible-gaming","status":"publish","type":"page","link":"https:\/\/rocketplay-slot.com\/pt-br\/responsible-gaming\/","title":{"rendered":"Jogo respons\u00e1vel"},"content":{"rendered":"<p>O jogo respons\u00e1vel \u00e9 um valor central do RocketPlay Casino, incorporado \u00e0 nossa miss\u00e3o de oferecer um ambiente seguro e agrad\u00e1vel aos nossos jogadores. Reconhecemos os riscos potenciais associados aos jogos de azar on-line e nos dedicamos a reduzir esses riscos por meio de medidas proativas. Nossa iniciativa de Jogo Respons\u00e1vel \u00e9 uma abordagem abrangente que visa proteger nossos jogadores dos impactos negativos do jogo excessivo e, ao mesmo tempo, promover uma cultura de entretenimento respons\u00e1vel.<\/p>\n<h2>Educa\u00e7\u00e3o e conscientiza\u00e7\u00e3o dos jogadores<\/h2>\n<p>No RocketPlay Casino, jogadores bem informados s\u00e3o jogadores capacitados. Para isso, fornecemos recursos e informa\u00e7\u00f5es abrangentes sobre jogos respons\u00e1veis. Nosso site apresenta materiais educacionais que cobrem t\u00f3picos como o estabelecimento de limites, o reconhecimento de sinais de problemas com o jogo e o acesso a servi\u00e7os de apoio. Incentivamos nossos jogadores a usar esses recursos para tomar decis\u00f5es informadas sobre suas atividades de jogo.<\/p>\n<h2>Estabelecimento de limites e ferramentas de autoexclus\u00e3o<\/h2>\n<p>Para capacitar nossos jogadores a gerenciar suas atividades de jogo de forma respons\u00e1vel, o RocketPlay Casino oferece uma gama de ferramentas de auto-limita\u00e7\u00e3o. Os jogadores podem definir limites de dep\u00f3sito di\u00e1rios, semanais ou mensais, garantindo que permane\u00e7am dentro de seus or\u00e7amentos predeterminados. Al\u00e9m disso, nosso recurso de autoexclus\u00e3o permite que os jogadores fa\u00e7am uma pausa nos jogos, bloqueando o acesso \u00e0s suas contas por um per\u00edodo espec\u00edfico. Essas ferramentas foram criadas para dar aos jogadores o controle de que precisam para fazer escolhas respons\u00e1veis.<\/p>\n<h2>Verifica\u00e7\u00e3o de idade e seguran\u00e7a da conta<\/h2>\n<p>Garantir que nossos jogadores tenham permiss\u00e3o legal para participar de jogos de azar on-line \u00e9 um aspecto fundamental do jogo respons\u00e1vel. O RocketPlay Casino emprega processos avan\u00e7ados de verifica\u00e7\u00e3o de idade para garantir que apenas indiv\u00edduos maiores de idade possam criar contas e participar de jogos com dinheiro real. Al\u00e9m disso, priorizamos a seguran\u00e7a da conta para proteger nossos jogadores contra acesso n\u00e3o autorizado. A autentica\u00e7\u00e3o de dois fatores e as tecnologias de criptografia robustas est\u00e3o em vigor para proteger as informa\u00e7\u00f5es dos jogadores e manter um ambiente de jogo seguro.<\/p>\n<h2>Colabora\u00e7\u00e3o com organiza\u00e7\u00f5es de apoio<\/h2>\n<p>O RocketPlay Casino colabora ativamente com organiza\u00e7\u00f5es de apoio respeit\u00e1veis que se especializam em ajudar indiv\u00edduos com problemas relacionados ao jogo. Fornecemos links diretos para essas organiza\u00e7\u00f5es em nosso site, facilitando o acesso dos jogadores \u00e0 ajuda profissional, se necess\u00e1rio. Ao fomentar parcerias com essas entidades, contribu\u00edmos para uma rede de recursos dedicada a promover pr\u00e1ticas de jogo respons\u00e1veis e a ajudar aqueles que precisam.<\/p>\n<h2>Monitoramento Regular e Auditorias de Jogo Respons\u00e1vel<\/h2>\n<p>O RocketPlay Casino realiza monitoramento regular e auditorias internas para garantir a efic\u00e1cia de nossas medidas de jogo respons\u00e1vel. Analisamos os padr\u00f5es de comportamento dos jogadores para identificar poss\u00edveis sinais de jogo problem\u00e1tico e tomar as medidas adequadas. Essa abordagem proativa nos permite intervir quando necess\u00e1rio, apoiando os jogadores que possam estar em risco. Nosso compromisso com o jogo respons\u00e1vel n\u00e3o \u00e9 apenas uma declara\u00e7\u00e3o, mas um esfor\u00e7o cont\u00ednuo para evoluir e melhorar nossas pr\u00e1ticas.<\/p>\n<h2>Promovendo uma cultura de entretenimento respons\u00e1vel<\/h2>\n<p>Al\u00e9m dos aspectos t\u00e9cnicos do jogo respons\u00e1vel, o RocketPlay Casino visa promover uma cultura de entretenimento respons\u00e1vel dentro da comunidade de jogos on-line. Incentivamos os jogadores a priorizarem o equil\u00edbrio e a aten\u00e7\u00e3o plena em suas atividades de jogo por meio de campanhas promocionais e de alcance comunit\u00e1rio. Ao enfatizar a import\u00e2ncia do jogo respons\u00e1vel, esperamos contribuir para um ambiente de jogo positivo e sustent\u00e1vel para todos.<\/p>\n<h2>Nosso Compromisso Cont\u00ednuo com o Jogo Respons\u00e1vel<\/h2>\n<p>Em conclus\u00e3o, o RocketPlay Casino \u00e9 mais do que apenas uma plataforma de jogos on-line; \u00e9 uma comunidade comprometida com a promo\u00e7\u00e3o de pr\u00e1ticas de jogo respons\u00e1veis. Nossa abordagem multifacetada inclui educa\u00e7\u00e3o, capacita\u00e7\u00e3o dos jogadores, colabora\u00e7\u00e3o com organiza\u00e7\u00f5es de apoio e monitoramento cont\u00ednuo. \u00c0 medida que o cen\u00e1rio dos jogos on-line evolui, tamb\u00e9m evolui o nosso compromisso de oferecer aos nossos jogadores uma experi\u00eancia de jogo segura, agrad\u00e1vel e respons\u00e1vel. No RocketPlay Casino, o jogo respons\u00e1vel n\u00e3o \u00e9 apenas uma caixa de sele\u00e7\u00e3o; \u00e9 um aspecto fundamental da nossa miss\u00e3o de redefinir a experi\u00eancia do cassino on-line. Junte-se a n\u00f3s e abrace a emo\u00e7\u00e3o do entretenimento respons\u00e1vel no RocketPlay Casino &#8211; onde o compromisso com o seu bem-estar acompanha a emo\u00e7\u00e3o.<\/p>\n","protected":false},"excerpt":{"rendered":"<p>O jogo respons\u00e1vel \u00e9 um valor central do RocketPlay Casino, incorporado \u00e0 nossa miss\u00e3o de oferecer um ambiente seguro e agrad\u00e1vel aos nossos jogadores. Reconhecemos os riscos potenciais associados aos jogos de azar on-line e nos dedicamos a reduzir esses riscos por meio de medidas proativas. Nossa iniciativa de Jogo Respons\u00e1vel \u00e9 uma abordagem abrangente&#8230;<\/p>\n","protected":false},"author":1,"featured_media":0,"parent":0,"menu_order":0,"comment_status":"closed","ping_status":"closed","template":"","meta":{"_acf_changed":false,"_kad_post_transparent":"default","_kad_post_title":"default","_kad_post_layout":"default","_kad_post_sidebar_id":"","_kad_post_content_style":"default","_kad_post_vertical_padding":"default","_kad_post_feature":"","_kad_post_feature_position":"","_kad_post_header":false,"_kad_post_footer":false,"footnotes":""},"class_list":["post-3762","page","type-page","status-publish","hentry"],"acf":[],"rttpg_featured_image_url":null,"rttpg_author":{"display_name":"Elvis","author_link":"https:\/\/rocketplay-slot.com\/pt-br\/author\/pemvas95n89x\/"},"rttpg_comment":0,"rttpg_category":null,"rttpg_excerpt":"O jogo respons\u00e1vel \u00e9 um valor central do RocketPlay Casino, incorporado \u00e0 nossa miss\u00e3o de oferecer um ambiente seguro e agrad\u00e1vel aos nossos jogadores. Reconhecemos os riscos potenciais associados aos jogos de azar on-line e nos dedicamos a reduzir esses riscos por meio de medidas proativas. Nossa iniciativa de Jogo Respons\u00e1vel \u00e9 uma abordagem abrangente...","_links":{"self":[{"href":"https:\/\/rocketplay-slot.com\/pt-br\/wp-json\/wp\/v2\/pages\/3762","targetHints":{"allow":["GET"]}}],"collection":[{"href":"https:\/\/rocketplay-slot.com\/pt-br\/wp-json\/wp\/v2\/pages"}],"about":[{"href":"https:\/\/rocketplay-slot.com\/pt-br\/wp-json\/wp\/v2\/types\/page"}],"author":[{"embeddable":true,"href":"https:\/\/rocketplay-slot.com\/pt-br\/wp-json\/wp\/v2\/users\/1"}],"replies":[{"embeddable":true,"href":"https:\/\/rocketplay-slot.com\/pt-br\/wp-json\/wp\/v2\/comments?post=3762"}],"version-history":[{"count":1,"href":"https:\/\/rocketplay-slot.com\/pt-br\/wp-json\/wp\/v2\/pages\/3762\/revisions"}],"predecessor-version":[{"id":3763,"href":"https:\/\/rocketplay-slot.com\/pt-br\/wp-json\/wp\/v2\/pages\/3762\/revisions\/3763"}],"wp:attachment":[{"href":"https:\/\/rocketplay-slot.com\/pt-br\/wp-json\/wp\/v2\/media?parent=3762"}],"curies":[{"name":"wp","href":"https:\/\/api.w.org\/{rel}","templated":true}]}}