{"id":3811,"date":"2024-01-22T21:12:25","date_gmt":"2024-01-22T18:12:25","guid":{"rendered":"https:\/\/rocketplay-slot.com\/underage-gaming-policy\/"},"modified":"2024-01-23T12:26:32","modified_gmt":"2024-01-23T09:26:32","slug":"underage-gaming-policy","status":"publish","type":"page","link":"https:\/\/rocketplay-slot.com\/pt-br\/underage-gaming-policy\/","title":{"rendered":"Pol\u00edtica de Jogo para Menores de Idade"},"content":{"rendered":"<p>O jogo respons\u00e1vel \u00e9 um princ\u00edpio fundamental no Cassino RocketPlay, orientado pelo entendimento de que o jogo deve ser uma forma de entretenimento para adultos que podem tomar decis\u00f5es informadas. Com essa filosofia em mente, o RocketPlay elaborou pol\u00edticas abrangentes para evitar que indiv\u00edduos menores de idade acessem e participem de qualquer forma de atividade de jogo on-line.<\/p>\n<h2>Protocolos de verifica\u00e7\u00e3o de idade<\/h2>\n<p>O RocketPlay Casino emprega protocolos de verifica\u00e7\u00e3o de idade de \u00faltima gera\u00e7\u00e3o para fortalecer seu compromisso com o jogo respons\u00e1vel. Esses protocolos s\u00e3o projetados para garantir que apenas indiv\u00edduos que tenham atingido a idade legal para jogar em suas respectivas jurisdi\u00e7\u00f5es possam criar contas e participar de atividades de jogos com dinheiro real. O RocketPlay utiliza ferramentas avan\u00e7adas de verifica\u00e7\u00e3o de identidade e refer\u00eancias cruzadas com bancos de dados oficiais para estabelecer a idade e a identidade de cada usu\u00e1rio.<\/p>\n<h2>Processo de registro e documenta\u00e7\u00e3o<\/h2>\n<p>O processo de registro no RocketPlay Casino envolve um procedimento meticuloso de verifica\u00e7\u00e3o. Os jogadores em potencial devem apresentar documentos de identifica\u00e7\u00e3o v\u00e1lidos, como identidades emitidas pelo governo ou passaportes, durante o registro. Essa documenta\u00e7\u00e3o \u00e9 crucial para confirmar a idade e a identidade do jogador. A ades\u00e3o do RocketPlay Casino a essas medidas rigorosas de verifica\u00e7\u00e3o garante a prote\u00e7\u00e3o contra o jogo de menores de idade.<\/p>\n<h2>Aplica\u00e7\u00e3o rigorosa das restri\u00e7\u00f5es de idade<\/h2>\n<p>O RocketPlay Casino mant\u00e9m um compromisso firme com a aplica\u00e7\u00e3o rigorosa das restri\u00e7\u00f5es de idade. O cassino emprega tecnologia de geolocaliza\u00e7\u00e3o de ponta para verificar a localiza\u00e7\u00e3o f\u00edsica de seus usu\u00e1rios. Essa tecnologia, juntamente com o rastreamento de IP, ajuda a garantir que os jogadores estejam acessando a plataforma a partir de jurisdi\u00e7\u00f5es onde o jogo on-line \u00e9 legal e que atendam aos requisitos de idade.<\/p>\n<h2>Iniciativas educacionais e conscientiza\u00e7\u00e3o<\/h2>\n<p>Al\u00e9m das medidas rigorosas de aplica\u00e7\u00e3o, o RocketPlay Casino educa proativamente seus usu\u00e1rios sobre pr\u00e1ticas de jogo respons\u00e1veis. A plataforma fornece informa\u00e7\u00f5es abrangentes sobre a idade legal para jogar em v\u00e1rias jurisdi\u00e7\u00f5es e incentiva os jogadores a estarem cientes e a aderirem \u00e0s leis e aos regulamentos locais.<\/p>\n<p>Al\u00e9m disso, o RocketPlay Casino se dedica a aumentar a conscientiza\u00e7\u00e3o sobre os riscos associados ao jogo para menores de idade. Essa iniciativa educacional visa a promover um senso de responsabilidade entre a comunidade de jogadores do cassino.<\/p>\n<h2>Controles parentais e ferramentas de filtragem<\/h2>\n<p>O RocketPlay Casino reconhece o papel que os pais e respons\u00e1veis desempenham na prote\u00e7\u00e3o dos menores contra os poss\u00edveis danos causados pelos jogos de azar on-line. O cassino oferece controles parentais robustos e ferramentas de filtragem para apoiar esse esfor\u00e7o. Essas ferramentas permitem que os pais restrinjam o acesso ao site do cassino em dispositivos usados por menores. O RocketPlay acredita que o jogo respons\u00e1vel \u00e9 uma responsabilidade compartilhada, e esses recursos permitem que os pais participem ativamente da manuten\u00e7\u00e3o de um ambiente on-line seguro para seus filhos.<\/p>\n<h2>Mecanismos de den\u00fancia e servi\u00e7os de suporte<\/h2>\n<p>O RocketPlay Casino tem o compromisso de criar um ambiente de usu\u00e1rio aberto e transparente. A plataforma incentiva a comunidade a denunciar qualquer caso de jogo de menores de idade. Um mecanismo de den\u00fancia de f\u00e1cil acesso permite que os usu\u00e1rios levem prontamente poss\u00edveis viola\u00e7\u00f5es \u00e0 aten\u00e7\u00e3o da equipe de suporte do cassino. O cassino investiga essas den\u00fancias imediatamente e toma as medidas adequadas para garantir a conformidade com sua Pol\u00edtica de Jogo para Menores de Idade.<\/p>\n<p>Al\u00e9m disso, o RocketPlay oferece servi\u00e7os de suporte para aqueles que possam estar enfrentando problemas relacionados a jogos de azar. A plataforma colabora com organiza\u00e7\u00f5es respons\u00e1veis por jogos de azar para oferecer recursos, linhas de apoio e op\u00e7\u00f5es de autoexclus\u00e3o para jogadores que buscam ajuda para gerenciar seus h\u00e1bitos de jogo.<\/p>\n<h2>Aperfei\u00e7oamento e adapta\u00e7\u00e3o cont\u00ednuos<\/h2>\n<p>O RocketPlay Casino est\u00e1 comprometido com a melhoria cont\u00ednua de suas pr\u00e1ticas de jogo respons\u00e1vel. A plataforma revisa e atualiza regularmente sua Pol\u00edtica de Jogo para Menores de Idade para se alinhar com as tecnologias emergentes e as melhores pr\u00e1ticas do setor. Ao se manter \u00e0 frente da curva, o RocketPlay garante que seu compromisso com o jogo respons\u00e1vel permane\u00e7a na vanguarda de suas opera\u00e7\u00f5es.<\/p>\n<h2>Uma abordagem hol\u00edstica para o jogo respons\u00e1vel<\/h2>\n<p>Em conclus\u00e3o, a Pol\u00edtica de Jogo para Menores de Idade do Cassino RocketPlay \u00e9 uma prova de sua dedica\u00e7\u00e3o em promover um ambiente de jogo seguro e respons\u00e1vel. Por meio de protocolos rigorosos de verifica\u00e7\u00e3o de idade, iniciativas educacionais, controles parentais e servi\u00e7os de suporte, o RocketPlay est\u00e1 formando ativamente uma comunidade de jogos que prioriza a conduta respons\u00e1vel. \u00c0 medida que o cen\u00e1rio dos jogos de azar on-line evolui, a RocketPlay permanece firme em seu compromisso de manter os mais altos padr\u00f5es de jogo respons\u00e1vel, garantindo uma experi\u00eancia agrad\u00e1vel e segura para todos os jogadores.<\/p>\n","protected":false},"excerpt":{"rendered":"<p>O jogo respons\u00e1vel \u00e9 um princ\u00edpio fundamental no Cassino RocketPlay, orientado pelo entendimento de que o jogo deve ser uma forma de entretenimento para adultos que podem tomar decis\u00f5es informadas. Com essa filosofia em mente, o RocketPlay elaborou pol\u00edticas abrangentes para evitar que indiv\u00edduos menores de idade acessem e participem de qualquer forma de atividade&#8230;<\/p>\n","protected":false},"author":1,"featured_media":0,"parent":0,"menu_order":0,"comment_status":"closed","ping_status":"closed","template":"","meta":{"_acf_changed":false,"_kad_post_transparent":"default","_kad_post_title":"default","_kad_post_layout":"default","_kad_post_sidebar_id":"","_kad_post_content_style":"default","_kad_post_vertical_padding":"default","_kad_post_feature":"","_kad_post_feature_position":"","_kad_post_header":false,"_kad_post_footer":false,"footnotes":""},"class_list":["post-3811","page","type-page","status-publish","hentry"],"acf":[],"rttpg_featured_image_url":null,"rttpg_author":{"display_name":"Elvis","author_link":"https:\/\/rocketplay-slot.com\/pt-br\/author\/pemvas95n89x\/"},"rttpg_comment":0,"rttpg_category":null,"rttpg_excerpt":"O jogo respons\u00e1vel \u00e9 um princ\u00edpio fundamental no Cassino RocketPlay, orientado pelo entendimento de que o jogo deve ser uma forma de entretenimento para adultos que podem tomar decis\u00f5es informadas. Com essa filosofia em mente, o RocketPlay elaborou pol\u00edticas abrangentes para evitar que indiv\u00edduos menores de idade acessem e participem de qualquer forma de atividade...","_links":{"self":[{"href":"https:\/\/rocketplay-slot.com\/pt-br\/wp-json\/wp\/v2\/pages\/3811","targetHints":{"allow":["GET"]}}],"collection":[{"href":"https:\/\/rocketplay-slot.com\/pt-br\/wp-json\/wp\/v2\/pages"}],"about":[{"href":"https:\/\/rocketplay-slot.com\/pt-br\/wp-json\/wp\/v2\/types\/page"}],"author":[{"embeddable":true,"href":"https:\/\/rocketplay-slot.com\/pt-br\/wp-json\/wp\/v2\/users\/1"}],"replies":[{"embeddable":true,"href":"https:\/\/rocketplay-slot.com\/pt-br\/wp-json\/wp\/v2\/comments?post=3811"}],"version-history":[{"count":1,"href":"https:\/\/rocketplay-slot.com\/pt-br\/wp-json\/wp\/v2\/pages\/3811\/revisions"}],"predecessor-version":[{"id":3812,"href":"https:\/\/rocketplay-slot.com\/pt-br\/wp-json\/wp\/v2\/pages\/3811\/revisions\/3812"}],"wp:attachment":[{"href":"https:\/\/rocketplay-slot.com\/pt-br\/wp-json\/wp\/v2\/media?parent=3811"}],"curies":[{"name":"wp","href":"https:\/\/api.w.org\/{rel}","templated":true}]}}